{"id":3509,"date":"2021-12-13T01:11:48","date_gmt":"2021-12-13T00:11:48","guid":{"rendered":"https:\/\/www.bahne.si\/woodworm-liqueur-pelinkovc-bahne\/"},"modified":"2024-06-28T06:47:54","modified_gmt":"2024-06-28T04:47:54","slug":"woodworm-liqueur-pelinkovc-bahne","status":"publish","type":"page","link":"https:\/\/www.bahne.si\/en\/woodworm-liqueur-pelinkovc-bahne\/","title":{"rendered":"Woodworm liqueur Pelinkov&#8217;c Bahne"},"content":{"rendered":"\t\t<div data-elementor-type=\"wp-page\" data-elementor-id=\"3509\" class=\"elementor elementor-3509 elementor-2034\">\n\t\t\t\t\t\t\t\t\t<section class=\"elementor-section elementor-top-section elementor-element elementor-element-a48e8ab elementor-section-boxed elementor-section-height-default elementor-section-height-default\" data-id=\"a48e8ab\" data-element_type=\"section\">\n\t\t\t\t\t\t<div class=\"elementor-container elementor-column-gap-default\">\n\t\t\t\t\t<div class=\"elementor-column elementor-col-100 elementor-top-column elementor-element elementor-element-30968771\" data-id=\"30968771\" data-element_type=\"column\">\n\t\t\t<div class=\"elementor-widget-wrap elementor-element-populated\">\n\t\t\t\t\t\t\t\t<div class=\"elementor-element elementor-element-331eb3c5 elementor-widget elementor-widget-text-editor\" data-id=\"331eb3c5\" data-element_type=\"widget\" data-widget_type=\"text-editor.default\">\n\t\t\t\t<div class=\"elementor-widget-container\">\n\t\t\t\t\t\t\t<div class=\"wp-block-cover alignfull has-nv-site-bg-background-color has-background-dim\" style=\"min-height: 300px;\"><div class=\"wp-block-cover__inner-container\"><div class=\"wp-block-group\"><div class=\"wp-block-group__inner-container\"><h1 class=\"has-text-align-left has-neve-text-color-color has-text-color\">Wormwood liqueur Pelinkov&#8217;c Bahne<\/h1><h3>A traditional herbal bitter liqueur.<\/h3><h4 style=\"font-weight: normal;\">Wormwood liqueur has been regaining its popularity over the last few years. No wonder, as wormwood truly is an amazing herb. Do not confuse wormwood liqueur Pelinkovec with absynth, although they share the same herb. Pelikovec is sometnihg completely different. It even contains anise!<\/h4><\/div><\/div><\/div><\/div>\t\t\t\t\t\t<\/div>\n\t\t\t\t<\/div>\n\t\t\t\t\t<\/div>\n\t\t<\/div>\n\t\t\t\t\t\t\t<\/div>\n\t\t<\/section>\n\t\t\t\t<section class=\"elementor-section elementor-top-section elementor-element elementor-element-0f133eb elementor-section-boxed elementor-section-height-default elementor-section-height-default\" data-id=\"0f133eb\" data-element_type=\"section\">\n\t\t\t\t\t\t<div class=\"elementor-container elementor-column-gap-default\">\n\t\t\t\t\t<div class=\"elementor-column elementor-col-50 elementor-top-column elementor-element elementor-element-a01bcbd\" data-id=\"a01bcbd\" data-element_type=\"column\">\n\t\t\t<div class=\"elementor-widget-wrap elementor-element-populated\">\n\t\t\t\t\t\t\t\t<div class=\"elementor-element elementor-element-3ced864 elementor-widget elementor-widget-image\" data-id=\"3ced864\" data-element_type=\"widget\" data-widget_type=\"image.default\">\n\t\t\t\t<div class=\"elementor-widget-container\">\n\t\t\t\t\t\t\t\t\t\t\t\t\t\t\t<img decoding=\"async\" width=\"600\" height=\"600\" data-src=\"https:\/\/www.bahne.si\/wp-content\/uploads\/2021\/09\/Pelinkovec_Pelinkovc_Bahne_600-1.jpg\" class=\"attachment-full size-full wp-image-2046 lazyload\" alt=\"Pelinkovec Pelinkov&#039;c Bahne\" data-srcset=\"https:\/\/www.bahne.si\/wp-content\/uploads\/2021\/09\/Pelinkovec_Pelinkovc_Bahne_600-1.jpg 600w, https:\/\/www.bahne.si\/wp-content\/uploads\/2021\/09\/Pelinkovec_Pelinkovc_Bahne_600-1-300x300.jpg 300w, https:\/\/www.bahne.si\/wp-content\/uploads\/2021\/09\/Pelinkovec_Pelinkovc_Bahne_600-1-150x150.jpg 150w\" data-sizes=\"(max-width: 600px) 100vw, 600px\" src=\"data:image\/svg+xml;base64,PHN2ZyB3aWR0aD0iMSIgaGVpZ2h0PSIxIiB4bWxucz0iaHR0cDovL3d3dy53My5vcmcvMjAwMC9zdmciPjwvc3ZnPg==\" style=\"--smush-placeholder-width: 600px; --smush-placeholder-aspect-ratio: 600\/600;\" \/>\t\t\t\t\t\t\t\t\t\t\t\t\t\t\t<\/div>\n\t\t\t\t<\/div>\n\t\t\t\t\t<\/div>\n\t\t<\/div>\n\t\t\t\t<div class=\"elementor-column elementor-col-50 elementor-top-column elementor-element elementor-element-481ffdc\" data-id=\"481ffdc\" data-element_type=\"column\">\n\t\t\t<div class=\"elementor-widget-wrap elementor-element-populated\">\n\t\t\t\t\t\t\t\t<div class=\"elementor-element elementor-element-53f5eb7 elementor-widget elementor-widget-text-editor\" data-id=\"53f5eb7\" data-element_type=\"widget\" data-widget_type=\"text-editor.default\">\n\t\t\t\t<div class=\"elementor-widget-container\">\n\t\t\t\t\t\t\t<h3 class=\"has-text-align-center has-neve-text-color-color has-text-color\">Wormwood liqueur PELINKOVEC<\/h3><ul class=\"pijaca_nastevanje\"><li class=\"has-text-align-center has-neve-text-color-color has-text-color volumen\">Volume: 1 l<\/li><li class=\"has-text-align-center has-neve-text-color-color has-text-color\"><strong>Alcohol content: 30%. <\/strong><\/li><li class=\"has-text-align-center has-neve-text-color-color has-text-color\"><strong>With herbs: wormwood and anise.<br \/><\/strong><\/li><li class=\"has-text-align-center has-neve-text-color-color has-text-color\"><a href=\"https:\/\/www.bahne.si\/etikete-po-zelji-narocnika\/\" target=\"_blank\" rel=\"noopener\">Personalized gift labels available.<\/a><\/li><li class=\"has-text-align-center has-neve-text-color-color has-text-color\">Gift appropriate. Popular with seniors.<\/li><\/ul><div class=\"wp-block-buttons aligncenter\"><div class=\"wp-block-button is-style-primary gumb\"><a class=\"wp-block-button__link\" href=\"https:\/\/www.bahne.si\/en\/contact\/\">SEND ENQUIRY<\/a><\/div><\/div><div class=\"wp-block-spacer\" aria-hidden=\"true\">\u00a0<\/div>\t\t\t\t\t\t<\/div>\n\t\t\t\t<\/div>\n\t\t\t\t<div class=\"elementor-element elementor-element-351cc51 elementor-widget elementor-widget-image\" data-id=\"351cc51\" data-element_type=\"widget\" data-widget_type=\"image.default\">\n\t\t\t\t<div class=\"elementor-widget-container\">\n\t\t\t\t\t\t\t\t\t\t\t\t\t\t\t<img decoding=\"async\" width=\"150\" height=\"150\" data-src=\"https:\/\/www.bahne.si\/wp-content\/uploads\/2024\/06\/Bahne_pelinkovec_zascitena-geografska-oznacba-150x150.png\" class=\"attachment-thumbnail size-thumbnail wp-image-4752 lazyload\" alt=\"Pelinkov&#039;c Bahne za\u0161\u010ditena geografska ozna\u010dba\" data-srcset=\"https:\/\/www.bahne.si\/wp-content\/uploads\/2024\/06\/Bahne_pelinkovec_zascitena-geografska-oznacba-150x150.png 150w, https:\/\/www.bahne.si\/wp-content\/uploads\/2024\/06\/Bahne_pelinkovec_zascitena-geografska-oznacba.png 300w\" data-sizes=\"(max-width: 150px) 100vw, 150px\" src=\"data:image\/svg+xml;base64,PHN2ZyB3aWR0aD0iMSIgaGVpZ2h0PSIxIiB4bWxucz0iaHR0cDovL3d3dy53My5vcmcvMjAwMC9zdmciPjwvc3ZnPg==\" style=\"--smush-placeholder-width: 150px; --smush-placeholder-aspect-ratio: 150\/150;\" \/>\t\t\t\t\t\t\t\t\t\t\t\t\t\t\t<\/div>\n\t\t\t\t<\/div>\n\t\t\t\t\t<\/div>\n\t\t<\/div>\n\t\t\t\t\t\t\t<\/div>\n\t\t<\/section>\n\t\t\t\t<section class=\"elementor-section elementor-top-section elementor-element elementor-element-1d4c44a elementor-section-boxed elementor-section-height-default elementor-section-height-default\" data-id=\"1d4c44a\" data-element_type=\"section\">\n\t\t\t\t\t\t<div class=\"elementor-container elementor-column-gap-default\">\n\t\t\t\t\t<div class=\"elementor-column elementor-col-100 elementor-top-column elementor-element elementor-element-a85a46c\" data-id=\"a85a46c\" data-element_type=\"column\">\n\t\t\t<div class=\"elementor-widget-wrap elementor-element-populated\">\n\t\t\t\t\t\t\t\t<div class=\"elementor-element elementor-element-906fd5c elementor-widget elementor-widget-heading\" data-id=\"906fd5c\" data-element_type=\"widget\" data-widget_type=\"heading.default\">\n\t\t\t\t<div class=\"elementor-widget-container\">\n\t\t\t<h3 class=\"elementor-heading-title elementor-size-default\">Are you interested in something else?<\/h3>\t\t<\/div>\n\t\t\t\t<\/div>\n\t\t\t\t\t<\/div>\n\t\t<\/div>\n\t\t\t\t\t\t\t<\/div>\n\t\t<\/section>\n\t\t\t\t<section class=\"elementor-section elementor-top-section elementor-element elementor-element-c85ef59 elementor-section-boxed elementor-section-height-default elementor-section-height-default\" data-id=\"c85ef59\" data-element_type=\"section\">\n\t\t\t\t\t\t<div class=\"elementor-container elementor-column-gap-default\">\n\t\t\t\t\t<div class=\"elementor-column elementor-col-33 elementor-top-column elementor-element elementor-element-19177b7\" data-id=\"19177b7\" data-element_type=\"column\">\n\t\t\t<div class=\"elementor-widget-wrap elementor-element-populated\">\n\t\t\t\t\t\t\t\t<div class=\"elementor-element elementor-element-25b18a2 elementor-widget elementor-widget-image\" data-id=\"25b18a2\" data-element_type=\"widget\" data-widget_type=\"image.default\">\n\t\t\t\t<div class=\"elementor-widget-container\">\n\t\t\t\t\t\t\t\t\t\t\t\t<figure class=\"wp-caption\">\n\t\t\t\t\t\t\t\t\t\t\t<a href=\"https:\/\/www.bahne.si\/en\/frenbach-bahne\/\">\n\t\t\t\t\t\t\t<img decoding=\"async\" width=\"600\" height=\"600\" data-src=\"https:\/\/www.bahne.si\/wp-content\/uploads\/2021\/09\/Frenbach_Bahne.jpg\" class=\"attachment-medium_large size-medium_large wp-image-1999 lazyload\" alt=\"Frenbach Bahne\" data-srcset=\"https:\/\/www.bahne.si\/wp-content\/uploads\/2021\/09\/Frenbach_Bahne.jpg 600w, https:\/\/www.bahne.si\/wp-content\/uploads\/2021\/09\/Frenbach_Bahne-300x300.jpg 300w, https:\/\/www.bahne.si\/wp-content\/uploads\/2021\/09\/Frenbach_Bahne-150x150.jpg 150w\" data-sizes=\"(max-width: 600px) 100vw, 600px\" src=\"data:image\/svg+xml;base64,PHN2ZyB3aWR0aD0iMSIgaGVpZ2h0PSIxIiB4bWxucz0iaHR0cDovL3d3dy53My5vcmcvMjAwMC9zdmciPjwvc3ZnPg==\" style=\"--smush-placeholder-width: 600px; --smush-placeholder-aspect-ratio: 600\/600;\" \/>\t\t\t\t\t\t\t\t<\/a>\n\t\t\t\t\t\t\t\t\t\t\t<figcaption class=\"widget-image-caption wp-caption-text\"><a href=\"https:\/\/www.bahne.si\/en\/frenbach-bahne\/\" title=\"Frenbach - Bitter liqueurs and bitters BAHNE\" class=\"slika-caption-link\">Bitter liqueur - Frenbach<\/a><\/figcaption>\n\t\t\t\t\t\t\t\t\t\t<\/figure>\n\t\t\t\t\t\t\t\t\t<\/div>\n\t\t\t\t<\/div>\n\t\t\t\t\t<\/div>\n\t\t<\/div>\n\t\t\t\t<div class=\"elementor-column elementor-col-33 elementor-top-column elementor-element elementor-element-9a22cb5\" data-id=\"9a22cb5\" data-element_type=\"column\">\n\t\t\t<div class=\"elementor-widget-wrap elementor-element-populated\">\n\t\t\t\t\t\t\t\t<div class=\"elementor-element elementor-element-be58a2c elementor-widget elementor-widget-image\" data-id=\"be58a2c\" data-element_type=\"widget\" data-widget_type=\"image.default\">\n\t\t\t\t<div class=\"elementor-widget-container\">\n\t\t\t\t\t\t\t\t\t\t\t\t<figure class=\"wp-caption\">\n\t\t\t\t\t\t\t\t\t\t\t<a href=\"https:\/\/www.bahne.si\/en\/hot-cocktail-grog-bahne\/\">\n\t\t\t\t\t\t\t<img decoding=\"async\" width=\"600\" height=\"600\" data-src=\"https:\/\/www.bahne.si\/wp-content\/uploads\/2021\/08\/Grog_Bahne-1.png\" class=\"attachment-medium_large size-medium_large wp-image-1626 lazyload\" alt=\"Hot cocktail Grog Bahne\" data-srcset=\"https:\/\/www.bahne.si\/wp-content\/uploads\/2021\/08\/Grog_Bahne-1.png 600w, https:\/\/www.bahne.si\/wp-content\/uploads\/2021\/08\/Grog_Bahne-1-300x300.png 300w, https:\/\/www.bahne.si\/wp-content\/uploads\/2021\/08\/Grog_Bahne-1-150x150.png 150w\" data-sizes=\"(max-width: 600px) 100vw, 600px\" src=\"data:image\/svg+xml;base64,PHN2ZyB3aWR0aD0iMSIgaGVpZ2h0PSIxIiB4bWxucz0iaHR0cDovL3d3dy53My5vcmcvMjAwMC9zdmciPjwvc3ZnPg==\" style=\"--smush-placeholder-width: 600px; --smush-placeholder-aspect-ratio: 600\/600;\" \/>\t\t\t\t\t\t\t\t<\/a>\n\t\t\t\t\t\t\t\t\t\t\t<figcaption class=\"widget-image-caption wp-caption-text\"><a href=\"https:\/\/www.bahne.si\/en\/hot-cocktail-grog-bahne\/\" title=\"Hot cocktail Grog - trendy drinks BAHNE\" class=\"slika-caption-link\">Hot cocktail - Grog<\/a><\/figcaption>\n\t\t\t\t\t\t\t\t\t\t<\/figure>\n\t\t\t\t\t\t\t\t\t<\/div>\n\t\t\t\t<\/div>\n\t\t\t\t\t<\/div>\n\t\t<\/div>\n\t\t\t\t<div class=\"elementor-column elementor-col-33 elementor-top-column elementor-element elementor-element-fa2971f\" data-id=\"fa2971f\" data-element_type=\"column\">\n\t\t\t<div class=\"elementor-widget-wrap elementor-element-populated\">\n\t\t\t\t\t\t\t\t<div class=\"elementor-element elementor-element-7d03598 elementor-widget elementor-widget-image\" data-id=\"7d03598\" data-element_type=\"widget\" data-widget_type=\"image.default\">\n\t\t\t\t<div class=\"elementor-widget-container\">\n\t\t\t\t\t\t\t\t\t\t\t\t<figure class=\"wp-caption\">\n\t\t\t\t\t\t\t\t\t\t\t<a href=\"https:\/\/www.bahne.si\/en\/mint-spirit-metino-zganje-bahne\/\">\n\t\t\t\t\t\t\t<img decoding=\"async\" width=\"600\" height=\"600\" data-src=\"https:\/\/www.bahne.si\/wp-content\/uploads\/2021\/08\/Zeliscna_zganja_Metino_zganje_Bahne.png\" class=\"attachment-medium_large size-medium_large wp-image-1441 lazyload\" alt=\"Herbal spirit Mint spirit Metino \u017eganje Bahne\" data-srcset=\"https:\/\/www.bahne.si\/wp-content\/uploads\/2021\/08\/Zeliscna_zganja_Metino_zganje_Bahne.png 600w, https:\/\/www.bahne.si\/wp-content\/uploads\/2021\/08\/Zeliscna_zganja_Metino_zganje_Bahne-300x300.png 300w, https:\/\/www.bahne.si\/wp-content\/uploads\/2021\/08\/Zeliscna_zganja_Metino_zganje_Bahne-150x150.png 150w\" data-sizes=\"(max-width: 600px) 100vw, 600px\" src=\"data:image\/svg+xml;base64,PHN2ZyB3aWR0aD0iMSIgaGVpZ2h0PSIxIiB4bWxucz0iaHR0cDovL3d3dy53My5vcmcvMjAwMC9zdmciPjwvc3ZnPg==\" style=\"--smush-placeholder-width: 600px; --smush-placeholder-aspect-ratio: 600\/600;\" \/>\t\t\t\t\t\t\t\t<\/a>\n\t\t\t\t\t\t\t\t\t\t\t<figcaption class=\"widget-image-caption wp-caption-text\"><a href=\"https:\/\/www.bahne.si\/en\/mint-spirit-metino-zganje-bahne\/\" title=\"Mint spirit Metino \u017eganje BAHNE\" class=\"slika-caption-link\">Mint spirit - Metino \u017eganje<\/a><\/figcaption>\n\t\t\t\t\t\t\t\t\t\t<\/figure>\n\t\t\t\t\t\t\t\t\t<\/div>\n\t\t\t\t<\/div>\n\t\t\t\t\t<\/div>\n\t\t<\/div>\n\t\t\t\t\t\t\t<\/div>\n\t\t<\/section>\n\t\t\t\t\t\t\t<\/div>\n\t\t","protected":false},"excerpt":{"rendered":"<p>Wormwood liqueur Pelinkov&#8217;c Bahne A traditional herbal bitter liqueur. Wormwood liqueur has been regaining its popularity over the last few years. No wonder, as wormwood truly is an amazing herb. Do not confuse wormwood liqueur Pelinkovec with absynth, although they share the same herb. Pelikovec is sometnihg completely different. It even contains anise! Wormwood liqueur&hellip;&nbsp;<a href=\"https:\/\/www.bahne.si\/en\/woodworm-liqueur-pelinkovc-bahne\/\" rel=\"bookmark\">Read More &raquo;<span class=\"screen-reader-text\">Woodworm liqueur Pelinkov&#8217;c Bahne<\/span><\/a><\/p>\n","protected":false},"author":1,"featured_media":0,"parent":0,"menu_order":0,"comment_status":"closed","ping_status":"closed","template":"","meta":{"neve_meta_sidebar":"full-width","neve_meta_container":"","neve_meta_enable_content_width":"on","neve_meta_content_width":100,"neve_meta_title_alignment":"","neve_meta_author_avatar":"","neve_post_elements_order":"","neve_meta_disable_header":"","neve_meta_disable_footer":"","neve_meta_disable_title":"on","footnotes":""},"categories":[],"tags":[],"class_list":["post-3509","page","type-page","status-publish","hentry"],"_links":{"self":[{"href":"https:\/\/www.bahne.si\/en\/wp-json\/wp\/v2\/pages\/3509","targetHints":{"allow":["GET"]}}],"collection":[{"href":"https:\/\/www.bahne.si\/en\/wp-json\/wp\/v2\/pages"}],"about":[{"href":"https:\/\/www.bahne.si\/en\/wp-json\/wp\/v2\/types\/page"}],"author":[{"embeddable":true,"href":"https:\/\/www.bahne.si\/en\/wp-json\/wp\/v2\/users\/1"}],"replies":[{"embeddable":true,"href":"https:\/\/www.bahne.si\/en\/wp-json\/wp\/v2\/comments?post=3509"}],"version-history":[{"count":22,"href":"https:\/\/www.bahne.si\/en\/wp-json\/wp\/v2\/pages\/3509\/revisions"}],"predecessor-version":[{"id":4761,"href":"https:\/\/www.bahne.si\/en\/wp-json\/wp\/v2\/pages\/3509\/revisions\/4761"}],"wp:attachment":[{"href":"https:\/\/www.bahne.si\/en\/wp-json\/wp\/v2\/media?parent=3509"}],"wp:term":[{"taxonomy":"category","embeddable":true,"href":"https:\/\/www.bahne.si\/en\/wp-json\/wp\/v2\/categories?post=3509"},{"taxonomy":"post_tag","embeddable":true,"href":"https:\/\/www.bahne.si\/en\/wp-json\/wp\/v2\/tags?post=3509"}],"curies":[{"name":"wp","href":"https:\/\/api.w.org\/{rel}","templated":true}]}}