{"id":3958,"date":"2022-01-05T07:04:58","date_gmt":"2022-01-05T06:04:58","guid":{"rendered":"https:\/\/www.bahne.si\/herbal-spirit-zonta-bahne\/"},"modified":"2022-01-05T07:06:37","modified_gmt":"2022-01-05T06:06:37","slug":"herbal-spirit-zonta-bahne","status":"publish","type":"page","link":"https:\/\/www.bahne.si\/en\/herbal-spirit-zonta-bahne\/","title":{"rendered":"Herbal spirit \u017donta Bahne"},"content":{"rendered":"\t\t<div data-elementor-type=\"wp-page\" data-elementor-id=\"3958\" class=\"elementor elementor-3958 elementor-2195\">\n\t\t\t\t\t\t\t\t\t<section class=\"elementor-section elementor-top-section elementor-element elementor-element-a48e8ab elementor-section-boxed elementor-section-height-default elementor-section-height-default\" data-id=\"a48e8ab\" data-element_type=\"section\">\n\t\t\t\t\t\t<div class=\"elementor-container elementor-column-gap-default\">\n\t\t\t\t\t<div class=\"elementor-column elementor-col-100 elementor-top-column elementor-element elementor-element-30968771\" data-id=\"30968771\" data-element_type=\"column\">\n\t\t\t<div class=\"elementor-widget-wrap elementor-element-populated\">\n\t\t\t\t\t\t\t\t<div class=\"elementor-element elementor-element-331eb3c5 elementor-widget elementor-widget-text-editor\" data-id=\"331eb3c5\" data-element_type=\"widget\" data-widget_type=\"text-editor.default\">\n\t\t\t\t<div class=\"elementor-widget-container\">\n\t\t\t\t\t\t\t<div class=\"wp-block-cover alignfull has-nv-site-bg-background-color has-background-dim\" style=\"min-height: 300px;\">\n<div class=\"wp-block-cover__inner-container\">\n<div class=\"wp-block-group\">\n<div class=\"wp-block-group__inner-container\">\n<h1 class=\"has-text-align-left has-neve-text-color-color has-text-color\">Herbal spirit \u017donta Bahne<\/h1>\n<h3>A bitter drink with seven herbs.<\/h3>\n<h4 style=\"font-weight: normal;\">\u017donta is a natural fruit spirit with seven herbs, that give \u017donta the characteristic taste.<\/h4>\n<\/div>\n<\/div>\n<\/div>\n<\/div>\n\t\t\t\t\t\t<\/div>\n\t\t\t\t<\/div>\n\t\t\t\t\t<\/div>\n\t\t<\/div>\n\t\t\t\t\t\t\t<\/div>\n\t\t<\/section>\n\t\t\t\t<section class=\"elementor-section elementor-top-section elementor-element elementor-element-0f133eb elementor-section-boxed elementor-section-height-default elementor-section-height-default\" data-id=\"0f133eb\" data-element_type=\"section\">\n\t\t\t\t\t\t<div class=\"elementor-container elementor-column-gap-default\">\n\t\t\t\t\t<div class=\"elementor-column elementor-col-50 elementor-top-column elementor-element elementor-element-a01bcbd\" data-id=\"a01bcbd\" data-element_type=\"column\">\n\t\t\t<div class=\"elementor-widget-wrap elementor-element-populated\">\n\t\t\t\t\t\t\t\t<div class=\"elementor-element elementor-element-3ced864 elementor-widget elementor-widget-image\" data-id=\"3ced864\" data-element_type=\"widget\" data-widget_type=\"image.default\">\n\t\t\t\t<div class=\"elementor-widget-container\">\n\t\t\t\t\t\t\t\t\t\t\t\t\t\t\t<img decoding=\"async\" width=\"600\" height=\"600\" data-src=\"https:\/\/www.bahne.si\/wp-content\/uploads\/2021\/08\/Zeliscno_zganje_Zonta_Bahne.png\" class=\"attachment-full size-full wp-image-1422 lazyload\" alt=\"Herbal spirit \u017donta Bahne\" data-srcset=\"https:\/\/www.bahne.si\/wp-content\/uploads\/2021\/08\/Zeliscno_zganje_Zonta_Bahne.png 600w, https:\/\/www.bahne.si\/wp-content\/uploads\/2021\/08\/Zeliscno_zganje_Zonta_Bahne-300x300.png 300w, https:\/\/www.bahne.si\/wp-content\/uploads\/2021\/08\/Zeliscno_zganje_Zonta_Bahne-150x150.png 150w\" data-sizes=\"(max-width: 600px) 100vw, 600px\" src=\"data:image\/svg+xml;base64,PHN2ZyB3aWR0aD0iMSIgaGVpZ2h0PSIxIiB4bWxucz0iaHR0cDovL3d3dy53My5vcmcvMjAwMC9zdmciPjwvc3ZnPg==\" style=\"--smush-placeholder-width: 600px; --smush-placeholder-aspect-ratio: 600\/600;\" \/>\t\t\t\t\t\t\t\t\t\t\t\t\t\t\t<\/div>\n\t\t\t\t<\/div>\n\t\t\t\t\t<\/div>\n\t\t<\/div>\n\t\t\t\t<div class=\"elementor-column elementor-col-50 elementor-top-column elementor-element elementor-element-481ffdc\" data-id=\"481ffdc\" data-element_type=\"column\">\n\t\t\t<div class=\"elementor-widget-wrap elementor-element-populated\">\n\t\t\t\t\t\t\t\t<div class=\"elementor-element elementor-element-53f5eb7 elementor-widget elementor-widget-text-editor\" data-id=\"53f5eb7\" data-element_type=\"widget\" data-widget_type=\"text-editor.default\">\n\t\t\t\t<div class=\"elementor-widget-container\">\n\t\t\t\t\t\t\t<h3 class=\"has-text-align-center has-neve-text-color-color has-text-color\">\u017dONTA<\/h3>\n<ul class=\"pijaca_nastevanje\">\n<li class=\"has-text-align-center has-neve-text-color-color has-text-color volumen\">Volume: 1 l<\/li>\n<li class=\"has-text-align-center has-neve-text-color-color has-text-color\"><strong>Alcohol content: 40%. <\/strong><\/li>\n<li class=\"has-text-align-center has-neve-text-color-color has-text-color\">Bitter.<\/li>\n<li class=\"has-text-align-center has-neve-text-color-color has-text-color\">Seven herbs.<\/li>\n<li class=\"has-text-align-center has-neve-text-color-color has-text-color\">Popular with connoisseurs.<\/li>\n<li class=\"has-text-align-center has-neve-text-color-color has-text-color\">Branded corporate gifts available.<\/li>\n<li class=\"has-text-align-center has-neve-text-color-color has-text-color\">Makes an interseting gift.<\/li>\n<\/ul>\n<div class=\"wp-block-buttons aligncenter\">\n<div class=\"wp-block-button is-style-primary gumb\"><a class=\"wp-block-button__link\" href=\"https:\/\/www.bahne.si\/en\/contact\/\">SEND ENQUIRY<\/a><\/div>\n<\/div>\n<div class=\"wp-block-spacer\" aria-hidden=\"true\"><\/div>\n\t\t\t\t\t\t<\/div>\n\t\t\t\t<\/div>\n\t\t\t\t\t<\/div>\n\t\t<\/div>\n\t\t\t\t\t\t\t<\/div>\n\t\t<\/section>\n\t\t\t\t<section class=\"elementor-section elementor-top-section elementor-element elementor-element-1d4c44a elementor-section-boxed elementor-section-height-default elementor-section-height-default\" data-id=\"1d4c44a\" data-element_type=\"section\">\n\t\t\t\t\t\t<div class=\"elementor-container elementor-column-gap-default\">\n\t\t\t\t\t<div class=\"elementor-column elementor-col-100 elementor-top-column elementor-element elementor-element-a85a46c\" data-id=\"a85a46c\" data-element_type=\"column\">\n\t\t\t<div class=\"elementor-widget-wrap elementor-element-populated\">\n\t\t\t\t\t\t\t\t<div class=\"elementor-element elementor-element-906fd5c elementor-widget elementor-widget-heading\" data-id=\"906fd5c\" data-element_type=\"widget\" data-widget_type=\"heading.default\">\n\t\t\t\t<div class=\"elementor-widget-container\">\n\t\t\t<h3 class=\"elementor-heading-title elementor-size-default\">Are you interested in something else?<\/h3>\t\t<\/div>\n\t\t\t\t<\/div>\n\t\t\t\t\t<\/div>\n\t\t<\/div>\n\t\t\t\t\t\t\t<\/div>\n\t\t<\/section>\n\t\t\t\t<section class=\"elementor-section elementor-top-section elementor-element elementor-element-c85ef59 elementor-section-boxed elementor-section-height-default elementor-section-height-default\" data-id=\"c85ef59\" data-element_type=\"section\">\n\t\t\t\t\t\t<div class=\"elementor-container elementor-column-gap-default\">\n\t\t\t\t\t<div class=\"elementor-column elementor-col-33 elementor-top-column elementor-element elementor-element-19177b7\" data-id=\"19177b7\" data-element_type=\"column\">\n\t\t\t<div class=\"elementor-widget-wrap elementor-element-populated\">\n\t\t\t\t\t\t\t\t<div class=\"elementor-element elementor-element-25b18a2 elementor-widget elementor-widget-image\" data-id=\"25b18a2\" data-element_type=\"widget\" data-widget_type=\"image.default\">\n\t\t\t\t<div class=\"elementor-widget-container\">\n\t\t\t\t\t\t\t\t\t\t\t\t<figure class=\"wp-caption\">\n\t\t\t\t\t\t\t\t\t\t\t<a href=\"https:\/\/www.bahne.si\/en\/mint-spirit-metino-zganje-bahne\/\">\n\t\t\t\t\t\t\t<img decoding=\"async\" width=\"600\" height=\"600\" data-src=\"https:\/\/www.bahne.si\/wp-content\/uploads\/2021\/08\/Zeliscna_zganja_Metino_zganje_Bahne.png\" class=\"attachment-medium_large size-medium_large wp-image-1441 lazyload\" alt=\"Herbal spirit Mint spirit Metino \u017eganje Bahne\" data-srcset=\"https:\/\/www.bahne.si\/wp-content\/uploads\/2021\/08\/Zeliscna_zganja_Metino_zganje_Bahne.png 600w, https:\/\/www.bahne.si\/wp-content\/uploads\/2021\/08\/Zeliscna_zganja_Metino_zganje_Bahne-300x300.png 300w, https:\/\/www.bahne.si\/wp-content\/uploads\/2021\/08\/Zeliscna_zganja_Metino_zganje_Bahne-150x150.png 150w\" data-sizes=\"(max-width: 600px) 100vw, 600px\" src=\"data:image\/svg+xml;base64,PHN2ZyB3aWR0aD0iMSIgaGVpZ2h0PSIxIiB4bWxucz0iaHR0cDovL3d3dy53My5vcmcvMjAwMC9zdmciPjwvc3ZnPg==\" style=\"--smush-placeholder-width: 600px; --smush-placeholder-aspect-ratio: 600\/600;\" \/>\t\t\t\t\t\t\t\t<\/a>\n\t\t\t\t\t\t\t\t\t\t\t<figcaption class=\"widget-image-caption wp-caption-text\"><a href=\"https:\/\/www.bahne.si\/en\/mint-spirit-metino-zganje-bahne\/\" title=\"Mint spirit BAHNE\" class=\"slika-caption-link\">Mint spirit Metino \u017eganje Bahne<\/a><\/figcaption>\n\t\t\t\t\t\t\t\t\t\t<\/figure>\n\t\t\t\t\t\t\t\t\t<\/div>\n\t\t\t\t<\/div>\n\t\t\t\t\t<\/div>\n\t\t<\/div>\n\t\t\t\t<div class=\"elementor-column elementor-col-33 elementor-top-column elementor-element elementor-element-9a22cb5\" data-id=\"9a22cb5\" data-element_type=\"column\">\n\t\t\t<div class=\"elementor-widget-wrap elementor-element-populated\">\n\t\t\t\t\t\t\t\t<div class=\"elementor-element elementor-element-be58a2c elementor-widget elementor-widget-image\" data-id=\"be58a2c\" data-element_type=\"widget\" data-widget_type=\"image.default\">\n\t\t\t\t<div class=\"elementor-widget-container\">\n\t\t\t\t\t\t\t\t\t\t\t\t<figure class=\"wp-caption\">\n\t\t\t\t\t\t\t\t\t\t\t<a href=\"https:\/\/www.bahne.si\/en\/hazelnut-spirit-leskovc-bahne\/\">\n\t\t\t\t\t\t\t<img decoding=\"async\" width=\"600\" height=\"600\" data-src=\"https:\/\/www.bahne.si\/wp-content\/uploads\/2021\/08\/Leskovo_zganje_Leskovc_Bahne.png\" class=\"attachment-medium_large size-medium_large wp-image-1457 lazyload\" alt=\"Haselnut spirit Leskovc_Bahne\" data-srcset=\"https:\/\/www.bahne.si\/wp-content\/uploads\/2021\/08\/Leskovo_zganje_Leskovc_Bahne.png 600w, https:\/\/www.bahne.si\/wp-content\/uploads\/2021\/08\/Leskovo_zganje_Leskovc_Bahne-300x300.png 300w, https:\/\/www.bahne.si\/wp-content\/uploads\/2021\/08\/Leskovo_zganje_Leskovc_Bahne-150x150.png 150w\" data-sizes=\"(max-width: 600px) 100vw, 600px\" src=\"data:image\/svg+xml;base64,PHN2ZyB3aWR0aD0iMSIgaGVpZ2h0PSIxIiB4bWxucz0iaHR0cDovL3d3dy53My5vcmcvMjAwMC9zdmciPjwvc3ZnPg==\" style=\"--smush-placeholder-width: 600px; --smush-placeholder-aspect-ratio: 600\/600;\" \/>\t\t\t\t\t\t\t\t<\/a>\n\t\t\t\t\t\t\t\t\t\t\t<figcaption class=\"widget-image-caption wp-caption-text\"><a href=\"https:\/\/www.bahne.si\/en\/hazelnut-spirit-leskovc-bahne\/\" title=\"Hazelnut spirit - Leskov'c BAHNE\" class=\"slika-caption-link\">Hazelnut spirit - Leskov'c<\/a><\/figcaption>\n\t\t\t\t\t\t\t\t\t\t<\/figure>\n\t\t\t\t\t\t\t\t\t<\/div>\n\t\t\t\t<\/div>\n\t\t\t\t\t<\/div>\n\t\t<\/div>\n\t\t\t\t<div class=\"elementor-column elementor-col-33 elementor-top-column elementor-element elementor-element-fa2971f\" data-id=\"fa2971f\" data-element_type=\"column\">\n\t\t\t<div class=\"elementor-widget-wrap elementor-element-populated\">\n\t\t\t\t\t\t\t\t<div class=\"elementor-element elementor-element-7d03598 elementor-widget elementor-widget-image\" data-id=\"7d03598\" data-element_type=\"widget\" data-widget_type=\"image.default\">\n\t\t\t\t<div class=\"elementor-widget-container\">\n\t\t\t\t\t\t\t\t\t\t\t\t<figure class=\"wp-caption\">\n\t\t\t\t\t\t\t\t\t\t\t<a href=\"https:\/\/www.bahne.si\/en\/white-fir-spirit-hojevc-bahne\/\">\n\t\t\t\t\t\t\t<img decoding=\"async\" width=\"600\" height=\"600\" data-src=\"https:\/\/www.bahne.si\/wp-content\/uploads\/2021\/08\/Hojevo_zganje_Hojevc_Bahne_600.jpg\" class=\"attachment-medium_large size-medium_large wp-image-1732 lazyload\" alt=\"White fir spirit Hojev&#039;c Bahne\" data-srcset=\"https:\/\/www.bahne.si\/wp-content\/uploads\/2021\/08\/Hojevo_zganje_Hojevc_Bahne_600.jpg 600w, https:\/\/www.bahne.si\/wp-content\/uploads\/2021\/08\/Hojevo_zganje_Hojevc_Bahne_600-300x300.jpg 300w, https:\/\/www.bahne.si\/wp-content\/uploads\/2021\/08\/Hojevo_zganje_Hojevc_Bahne_600-150x150.jpg 150w\" data-sizes=\"(max-width: 600px) 100vw, 600px\" src=\"data:image\/svg+xml;base64,PHN2ZyB3aWR0aD0iMSIgaGVpZ2h0PSIxIiB4bWxucz0iaHR0cDovL3d3dy53My5vcmcvMjAwMC9zdmciPjwvc3ZnPg==\" style=\"--smush-placeholder-width: 600px; --smush-placeholder-aspect-ratio: 600\/600;\" \/>\t\t\t\t\t\t\t\t<\/a>\n\t\t\t\t\t\t\t\t\t\t\t<figcaption class=\"widget-image-caption wp-caption-text\"><a href=\"https:\/\/www.bahne.si\/en\/white-fir-spirit-hojevc-bahne\/\" title=\"White fir spirit - Hojev'c\" class=\"slika-caption-link\">White fir spirit - Hojev'c<\/a><\/figcaption>\n\t\t\t\t\t\t\t\t\t\t<\/figure>\n\t\t\t\t\t\t\t\t\t<\/div>\n\t\t\t\t<\/div>\n\t\t\t\t\t<\/div>\n\t\t<\/div>\n\t\t\t\t\t\t\t<\/div>\n\t\t<\/section>\n\t\t\t\t\t\t\t<\/div>\n\t\t","protected":false},"excerpt":{"rendered":"<p>Herbal spirit \u017donta Bahne A bitter drink with seven herbs. \u017donta is a natural fruit spirit with seven herbs, that give \u017donta the characteristic taste. \u017dONTA Volume: 1 l Alcohol content: 40%. Bitter. Seven herbs. Popular with connoisseurs. Branded corporate gifts available. Makes an interseting gift. SEND ENQUIRY Are you interested in something else? Mint&hellip;&nbsp;<a href=\"https:\/\/www.bahne.si\/en\/herbal-spirit-zonta-bahne\/\" rel=\"bookmark\">Read More &raquo;<span class=\"screen-reader-text\">Herbal spirit \u017donta Bahne<\/span><\/a><\/p>\n","protected":false},"author":1,"featured_media":0,"parent":0,"menu_order":0,"comment_status":"closed","ping_status":"closed","template":"","meta":{"neve_meta_sidebar":"full-width","neve_meta_container":"","neve_meta_enable_content_width":"on","neve_meta_content_width":100,"neve_meta_title_alignment":"","neve_meta_author_avatar":"","neve_post_elements_order":"","neve_meta_disable_header":"","neve_meta_disable_footer":"","neve_meta_disable_title":"on","footnotes":""},"categories":[],"tags":[],"class_list":["post-3958","page","type-page","status-publish","hentry"],"_links":{"self":[{"href":"https:\/\/www.bahne.si\/en\/wp-json\/wp\/v2\/pages\/3958","targetHints":{"allow":["GET"]}}],"collection":[{"href":"https:\/\/www.bahne.si\/en\/wp-json\/wp\/v2\/pages"}],"about":[{"href":"https:\/\/www.bahne.si\/en\/wp-json\/wp\/v2\/types\/page"}],"author":[{"embeddable":true,"href":"https:\/\/www.bahne.si\/en\/wp-json\/wp\/v2\/users\/1"}],"replies":[{"embeddable":true,"href":"https:\/\/www.bahne.si\/en\/wp-json\/wp\/v2\/comments?post=3958"}],"version-history":[{"count":5,"href":"https:\/\/www.bahne.si\/en\/wp-json\/wp\/v2\/pages\/3958\/revisions"}],"predecessor-version":[{"id":3963,"href":"https:\/\/www.bahne.si\/en\/wp-json\/wp\/v2\/pages\/3958\/revisions\/3963"}],"wp:attachment":[{"href":"https:\/\/www.bahne.si\/en\/wp-json\/wp\/v2\/media?parent=3958"}],"wp:term":[{"taxonomy":"category","embeddable":true,"href":"https:\/\/www.bahne.si\/en\/wp-json\/wp\/v2\/categories?post=3958"},{"taxonomy":"post_tag","embeddable":true,"href":"https:\/\/www.bahne.si\/en\/wp-json\/wp\/v2\/tags?post=3958"}],"curies":[{"name":"wp","href":"https:\/\/api.w.org\/{rel}","templated":true}]}}